{"id":551,"date":"2025-04-23T14:10:44","date_gmt":"2025-04-23T12:10:44","guid":{"rendered":"https:\/\/www.flowerandstylebattle.ch\/startseite\/"},"modified":"2025-09-09T13:35:29","modified_gmt":"2025-09-09T11:35:29","slug":"startseite","status":"publish","type":"page","link":"https:\/\/www.flowerandstylebattle.ch\/fr\/","title":{"rendered":"Startseite"},"content":{"rendered":"<div class=\"wpb-content-wrapper\"><p>[vc_row full_width=\u00a0\u00bbstretch_row_content_no_spaces\u00a0\u00bb css=\u00a0\u00bb.vc_custom_1745510726454{margin-bottom: 80px !important;}\u00a0\u00bb][vc_column]\n\t\t\t\t<p class=\"rs-p-wp-fix\"><\/p>\n\t\t\t\t<sr7-module data-alias=\"flowerbattle-1\" data-id=\"2\" id=\"SR7_2_1\" class=\"rs-ov-hidden\" data-version=\"6.7.23\">\n\t\t\t\t\t<sr7-adjuster><\/sr7-adjuster>\n\t\t\t\t\t<sr7-content>\n\t\t\t\t\t\t<sr7-slide id=\"SR7_2_1-11\" data-key=\"11\">\n\t\t\t\t\t\t\t<sr7-txt id=\"SR7_2_1-11-1\" class=\"sr7-layer\">Flower & Style<br \/>\nBATTLE<\/sr7-txt>\n\t\t\t\t\t\t\t<sr7-txt id=\"SR7_2_1-11-3\" class=\"sr7-layer\">Soyez de la partie le 25 ao\u00fbt \u00e0 Rothrist pour la 6<sup>e<\/sup> \u00e9dition du showdown. Montrez ce que vous savez faire et battez-vous pour gagner CHF 8000.\u2013 de prix. Ou assistez en tant que spectateurs!<\/sr7-txt>\n\t\t\t\t\t\t\t<a id=\"SR7_2_1-11-4\" class=\"sr7-layer\" href=\"https:\/\/www.flowerandstylebattle.ch\/fr\/spectateurs\/\" target=\"_self\" rel=\"nofollow\">Pour les spectateurs<\/a>\n\t\t\t\t\t\t\t<a id=\"SR7_2_1-11-7\" class=\"sr7-layer\" href=\"https:\/\/www.flowerandstylebattle.ch\/fr\/participants\/\" target=\"_self\" rel=\"nofollow\">Pour les participants<\/a>\n\t\t\t\t\t\t<\/sr7-slide>\n\t\t\t\t\t\t<sr7-slide id=\"SR7_2_1-12\" data-key=\"12\">\n\t\t\t\t\t\t\t<sr7-bg id=\"SR7_2_1-12-11\" class=\"sr7-layer\"><noscript><img decoding=\"async\" src=\"https:\/\/www.flowerandstylebattle.ch\/wp-content\/uploads\/header-default.jpg\" alt=\"\" title=\"header-default\"><\/noscript><\/sr7-bg>\n\t\t\t\t\t\t\t<sr7-txt id=\"SR7_2_1-12-1\" class=\"sr7-layer\">Flower & Style<br \/>\nBATTLE<\/sr7-txt>\n\t\t\t\t\t\t\t<sr7-txt id=\"SR7_2_1-12-3\" class=\"sr7-layer\">Soyez de la partie le 25 ao\u00fbt \u00e0 Rothrist pour la 6<sup>e<\/sup> \u00e9dition du showdown. Montrez ce que vous savez faire et battez-vous pour gagner CHF 8000.\u2013 de prix. Ou assistez en tant que spectateurs!<\/sr7-txt>\n\t\t\t\t\t\t\t<a id=\"SR7_2_1-12-4\" class=\"sr7-layer\" href=\"https:\/\/www.flowerandstylebattle.ch\/fr\/spectateurs\/\" target=\"_self\" rel=\"nofollow\">Pour les spectateurs<\/a>\n\t\t\t\t\t\t\t<a id=\"SR7_2_1-12-7\" class=\"sr7-layer\" href=\"https:\/\/www.flowerandstylebattle.ch\/fr\/participants\/\" target=\"_self\" rel=\"nofollow\">Pour les participants<\/a>\n\t\t\t\t\t\t<\/sr7-slide>\n\t\t\t\t\t\t<sr7-slide id=\"SR7_2_1-13\" data-key=\"13\">\n\t\t\t\t\t\t<\/sr7-slide>\n\t\t\t\t\t<\/sr7-content>\n\t\t\t\t\t<image_lists style=\"display:none\">\n\t\t\t\t\t\t<img data-src=\"\/\/www.flowerandstylebattle.ch\/wp-content\/uploads\/Home-Slider-Flower-and-Style-Battle-1920-Keyvisual-f.jpg\" data-libid=\"812\" title=\"Home-Slider-Flower-and-Style-Battle-1920-Keyvisual-f\" width=\"0\" height=\"0\" data-dbsrc=\"Ly93d3cuZmxvd2VyYW5kc3R5bGViYXR0bGUuY2gvd3AtY29udGVudC91cGxvYWRzL0hvbWUtU2xpZGVyLUZsb3dlci1hbmQtU3R5bGUtQmF0dGxlLTE5MjAtS2V5dmlzdWFsLWYuanBn\"\/>\n\t\t\t\t\t\t<img data-src=\"\/\/www.flowerandstylebattle.ch\/wp-content\/uploads\/Home-Slider-Flower-and-Style-Battle-1920x914-Impressionen-3.jpg\" data-libid=\"810\" title=\"Home-Slider-Flower-and-Style-Battle-1920&#215;914-Impressionen-3\" width=\"0\" height=\"0\" data-dbsrc=\"Ly93d3cuZmxvd2VyYW5kc3R5bGViYXR0bGUuY2gvd3AtY29udGVudC91cGxvYWRzL0hvbWUtU2xpZGVyLUZsb3dlci1hbmQtU3R5bGUtQmF0dGxlLTE5MjB4OTE0LUltcHJlc3Npb25lbi0zLmpwZw==\"\/>\n\t\t\t\t\t\t<img data-src=\"\/\/www.flowerandstylebattle.ch\/wp-content\/uploads\/header-default.jpg\" data-libid=\"53\" data-lib=\"medialibrary\" title=\"header-default\" width=\"0\" height=\"0\" data-dbsrc=\"Ly93d3cuZmxvd2VyYW5kc3R5bGViYXR0bGUuY2gvd3AtY29udGVudC91cGxvYWRzL2hlYWRlci1kZWZhdWx0LmpwZw==\"\/>\n\t\t\t\t\t<\/image_lists>\n\t\t\t\t<\/sr7-module>\n\t\t\t\t<script>\n\t\t\t\t\tSR7.PMH ??={}; SR7.PMH[\"SR7_2_1\"] = {cn:100,state:false,fn: function() { if (_tpt!==undefined && _tpt.prepareModuleHeight !== undefined) {  _tpt.prepareModuleHeight({id:\"SR7_2_1\",el:[720,720,500,400,300],type:'standard',shdw:'0',gh:[720,720,500,400,300],gw:[1310,1310,1024,778,480],vpt:['-100px&#039;,&#039;-100px&#039;,&#039;-100px&#039;,&#039;-100px&#039;,&#039;-100px'],size:{fullWidth:true, fullHeight:false},mh:'0',onh:0,onw:0,bg:{color:'{\"type\":\"solid\",\"orig\":\"#141618\",\"string\":\"rgba(20, 22, 24, 1)\"}'},googleFont:\"ignore\",plType:'2',plColor:'#FFFFFF'});   SR7.PMH[\"SR7_2_1\"].state=true;} else if(SR7.PMH[\"SR7_2_1\"].cn-->0)\tsetTimeout( SR7.PMH[\"SR7_2_1\"].fn,19);}};SR7.PMH[\"SR7_2_1\" ].fn();\n\t\t\t\t<\/script>\n[\/vc_column][\/vc_row][vc_row css=\u00a0\u00bb.vc_custom_1749190961541{margin-bottom: 80px !important;}\u00a0\u00bb][vc_column width=\u00a0\u00bb1\/2&Prime; el_class=\u00a0\u00bbmb-5 mb-md-0&Prime;]\r\n              <div class=\"modul--headline \"><h2 class=\"text-start\">Participer &amp; gagner<\/h2><\/div>[vc_column_text css=\u00a0\u00bb\u00a0\u00bb]L\u2019\u00e9dition 2026: ce sera la sixi\u00e8me fois que la cr\u00e9ativit\u00e9 florale se mesurera dans un esprit de comp\u00e9tition \u2013 en direct dans l\u2019ar\u00e8ne de la Blumenb\u00f6rse Schweiz \u00e0 Rothrist.<\/p>\n<p>Vous \u00eates une \u00e9quipe de deux personnes? Vous faites preuve de cr\u00e9ativit\u00e9 dans toutes les circonstances? Ce concours est pour vous! Inscrivez-vous d\u00e8s aujourd\u2019hui, surprenez le jury avec vos id\u00e9es originales et battez-vous pour gagner CHF\u00a08000.\u2013 de prix au total. En plus, le Flower\u00a0&amp;\u00a0Style Award vous r\u00e9compensera peut-\u00eatre!<\/p>\n<p><strong>D\u00e9lai d\u2019inscription: le 11 juillet 2026<\/strong>[\/vc_column_text]\r\n            <div class=\"module-button text-left\">\r\n                <a href=\"https:\/\/www.flowerandstylebattle.ch\/fr\/participants\/#inscription\" target=\"\"  class=\"btn btn-primary\">Plus d\u2019infos<\/a>\r\n            <\/div>\r\n            [\/vc_column][vc_column width=\u00a0\u00bb1\/2&Prime;]\n\n                <div class=\"position-relative z-index-2 youtubesection\">\n\n                    <iframe loading=\"lazy\" width=\"560\" height=\"315\" src=\"https:\/\/www.youtube-nocookie.com\/embed\/mg04q5qINVc?si=9lnt68q3s4yNahWn\" title=\"YouTube video player\" frameborder=\"0\" allow=\"accelerometer; autoplay; clipboard-write; encrypted-media; gyroscope; picture-in-picture; web-share\" referrerpolicy=\"strict-origin-when-cross-origin\" allowfullscreen><\/iframe>\n\n                <\/div>\n\n\n\n            \n\n            [\/vc_column][\/vc_row][vc_row full_width=\u00a0\u00bbstretch_row\u00a0\u00bb custom_row_class=\u00a0\u00bbgreylight\u00a0\u00bb css=\u00a0\u00bb.vc_custom_1746089483958{margin-bottom: 80px !important;}\u00a0\u00bb][vc_column]\r\n              <div class=\"modul--headline \"><h2 class=\"text-center\">Ce qui vous attend<\/h2><\/div>[\/vc_column][vc_column width=\u00a0\u00bb1\/2&Prime; offset=\u00a0\u00bbvc_col-md-4&Prime;]\r\n\r\n              <a href=\"https:\/\/www.flowerandstylebattle.ch\/fr\/spectateurs\/#infos\" target=\"\">\r\n                <div class=\"teaser-container\">\r\n                    <div>\r\n                        <div class=\"image-container\">\r\n                            <img decoding=\"async\" src=\"https:\/\/www.flowerandstylebattle.ch\/wp-content\/uploads\/Flower-and-Style-Battle-585x390-Kreativitaet-2.jpg\" alt=\"De la cr\u00e9ativit\u00e9\" class=\"img-fluid\" \/>\r\n                        <\/div>\r\n                    \r\n                        <div class=\"content-container\">\r\n                            <h4 class=\"font-weight-bold\">De la cr\u00e9ativit\u00e9<\/h4>\r\n                            <p class=\"mb-4\">Et de la spontan\u00e9it\u00e9! Les \u00e9quipes de deux personnes cr\u00e9eront des chefs-d\u2019\u0153uvre sans pr\u00e9paration et dans un temps limit\u00e9. Des prouesses impressionnantes.<\/p>\r\n                        <\/div>\r\n                    <\/div>\r\n                    <div class=\"btn btn-primary \">Plus d\u2019infos<\/div>\r\n                <\/div>\r\n              <\/a>\r\n                [\/vc_column][vc_column width=\u00a0\u00bb1\/2&Prime; offset=\u00a0\u00bbvc_col-md-4&Prime;]\r\n\r\n              <a href=\"https:\/\/www.flowerandstylebattle.ch\/fr\/spectateurs\/#infos\" target=\"\">\r\n                <div class=\"teaser-container\">\r\n                    <div>\r\n                        <div class=\"image-container\">\r\n                            <img decoding=\"async\" src=\"https:\/\/www.flowerandstylebattle.ch\/wp-content\/uploads\/Flower-and-Style-Battle-585x390-open-2.jpg\" alt=\"Des achats relax\" class=\"img-fluid\" \/>\r\n                        <\/div>\r\n                    \r\n                        <div class=\"content-container\">\r\n                            <h4 class=\"font-weight-bold\">Des achats relax<\/h4>\r\n                            <p class=\"mb-4\">Les pros b\u00e9n\u00e9ficieront d\u2019une vente nocturne jusqu\u2019\u00e0 21h00 \u00e0 la Blumenb\u00f6rse de Rothrist. Attention, ceci est valable uniquement si vous avez une carte d\u2019achat.<\/p>\r\n                        <\/div>\r\n                    <\/div>\r\n                    <div class=\"btn btn-primary \">Plus d\u2019infos<\/div>\r\n                <\/div>\r\n              <\/a>\r\n                [\/vc_column][vc_column width=\u00a0\u00bb1\/2&Prime; offset=\u00a0\u00bbvc_col-md-4&Prime;]\r\n\r\n              <a href=\"https:\/\/www.flowerandstylebattle.ch\/fr\/spectateurs\/#infos\" target=\"\">\r\n                <div class=\"teaser-container\">\r\n                    <div>\r\n                        <div class=\"image-container\">\r\n                            <img decoding=\"async\" src=\"https:\/\/www.flowerandstylebattle.ch\/wp-content\/uploads\/Flower-and-Style-Battle-585x390-Streetfood-2.jpg\" alt=\"Street food\" class=\"img-fluid\" \/>\r\n                        <\/div>\r\n                    \r\n                        <div class=\"content-container\">\r\n                            <h4 class=\"font-weight-bold\">Street food<\/h4>\r\n                            <p class=\"mb-4\">La comp\u00e9tition et les saveurs: pendant que les \u00e9quipes s\u2019affronteront, des stands de street food t\u2019attendront dans une atmosph\u00e8re d\u00e9tendue.<\/p>\r\n                        <\/div>\r\n                    <\/div>\r\n                    <div class=\"btn btn-primary \">Plus d\u2019infos<\/div>\r\n                <\/div>\r\n              <\/a>\r\n                [\/vc_column][\/vc_row][vc_row css=\u00a0\u00bb.vc_custom_1748419569645{margin-bottom: 80px !important;}\u00a0\u00bb][vc_column width=\u00a0\u00bb1\/2&Prime;][vc_single_image image=\u00a0\u00bb900&Prime; img_size=\u00a0\u00bbfull\u00a0\u00bb css=\u00a0\u00bb\u00a0\u00bb][\/vc_column][vc_column width=\u00a0\u00bb1\/2&Prime;]\r\n              <div class=\"modul--headline \"><h2 class=\"text-start\">Pour assister en tant que spectateur<\/h2><\/div>[vc_column_text css=\u00a0\u00bb\u00a0\u00bb]Le 25 ao\u00fbt, notre ar\u00e8ne accueillera des prouesses cr\u00e9atives. Des \u00e9quipes de deux personnes s\u2019affronteront sous le regard aiguis\u00e9 d\u2019un jury professionnel. Les combats de qualification d\u00e9buteront \u00e0 12h30. La grande finale commencera \u00e0 19h00. Assiste \u00e0 ce spectacle et encourage ton \u00e9quipe!<\/p>\n<p>En plus: street food, cool DJ et ambiance \u00e9lectrique.[\/vc_column_text]\r\n            <div class=\"module-button text-left\">\r\n                <a href=\"https:\/\/www.flowerandstylebattle.ch\/fr\/spectateurs\/\" target=\"\"  class=\"btn btn-primary\">Plus d\u2019infos<\/a>\r\n            <\/div>\r\n            [\/vc_column][\/vc_row][vc_row full_width=\u00a0\u00bbstretch_row\u00a0\u00bb custom_row_class=\u00a0\u00bbgreylight\u00a0\u00bb css=\u00a0\u00bb.vc_custom_1746594761540{margin-bottom: 0px !important;}\u00a0\u00bb el_class=\u00a0\u00bbrowimgslider\u00a0\u00bb][vc_column]\r\n              <div class=\"modul--headline \"><h2 class=\"text-center\">Des moments inoubliables\u2026<\/h2><\/div>[vc_empty_space]<div class=\"flowerbattleowl  owl-carousel owl-theme dots-modern nav-inside nav-inside-edge nav-squared nav-with-transparency nav-light owl-loaded owl-drag owl-carousel-init\" data-plugin-options=\"{'responsive': {'0': {'items': 1, 'autoWidth': false}, '479': {'items': 1}, '768': {'items': 2}, '979': {'items': 3}, '1199': {'items': 3}}, 'margin': 10, 'autoplay': true, 'loop': true, 'nav': false, 'dots': true}\" style=\"height: auto;\">\n\n\n                <div class=\"flowerbattle--content-carousel-item\">\n                    <div>\n                        <div class=\"image-container\">\n                            <img decoding=\"async\" src=\"\" alt=\"\" class=\"img-fluid\" \/>\n                        <\/div>\n                    \n                        <div class=\"content-container\">\n                            <h4 class=\"font-weight-bold\"><\/h4>\n                            <p class=\"\"><\/p>\n                        <\/div>\n                    <\/div>\n                    <div class=\"flobatcar\"><\/div>\n                <\/div>\n                \n\n\n                <div class=\"flowerbattle--content-carousel-item\">\n                    <div>\n                        <div class=\"image-container\">\n                            <img decoding=\"async\" src=\"\" alt=\"\" class=\"img-fluid\" \/>\n                        <\/div>\n                    \n                        <div class=\"content-container\">\n                            <h4 class=\"font-weight-bold\"><\/h4>\n                            <p class=\"\"><\/p>\n                        <\/div>\n                    <\/div>\n                    <div class=\"flobatcar\"><\/div>\n                <\/div>\n                \n\n\n                <div class=\"flowerbattle--content-carousel-item\">\n                    <div>\n                        <div class=\"image-container\">\n                            <img decoding=\"async\" src=\"\" alt=\"\" class=\"img-fluid\" \/>\n                        <\/div>\n                    \n                        <div class=\"content-container\">\n                            <h4 class=\"font-weight-bold\"><\/h4>\n                            <p class=\"\"><\/p>\n                        <\/div>\n                    <\/div>\n                    <div class=\"flobatcar\"><\/div>\n                <\/div>\n                \n\n\n                <div class=\"flowerbattle--content-carousel-item\">\n                    <div>\n                        <div class=\"image-container\">\n                            <img decoding=\"async\" src=\"\" alt=\"\" class=\"img-fluid\" \/>\n                        <\/div>\n                    \n                        <div class=\"content-container\">\n                            <h4 class=\"font-weight-bold\"><\/h4>\n                            <p class=\"\"><\/p>\n                        <\/div>\n                    <\/div>\n                    <div class=\"flobatcar\"><\/div>\n                <\/div>\n                \n\n\n                <div class=\"flowerbattle--content-carousel-item\">\n                    <div>\n                        <div class=\"image-container\">\n                            <img decoding=\"async\" src=\"\" alt=\"\" class=\"img-fluid\" \/>\n                        <\/div>\n                    \n                        <div class=\"content-container\">\n                            <h4 class=\"font-weight-bold\"><\/h4>\n                            <p class=\"\"><\/p>\n                        <\/div>\n                    <\/div>\n                    <div class=\"flobatcar\"><\/div>\n                <\/div>\n                \n\n\n                <div class=\"flowerbattle--content-carousel-item\">\n                    <div>\n                        <div class=\"image-container\">\n                            <img decoding=\"async\" src=\"\" alt=\"\" class=\"img-fluid\" \/>\n                        <\/div>\n                    \n                        <div class=\"content-container\">\n                            <h4 class=\"font-weight-bold\"><\/h4>\n                            <p class=\"\"><\/p>\n                        <\/div>\n                    <\/div>\n                    <div class=\"flobatcar\"><\/div>\n                <\/div>\n                <\/div>[vc_empty_space]\r\n            <div class=\"module-button text-center\">\r\n                <a href=\"https:\/\/www.flowerandstylebattle.ch\/fr\/sur-nous\/#impressions\" target=\"\"  class=\"btn btn-primary\">Plus d\u2019impressions<\/a>\r\n            <\/div>\r\n            [\/vc_column][\/vc_row][vc_row full_width=\u00a0\u00bbstretch_row_content_no_spaces\u00a0\u00bb][vc_column]<div class=\"wpb-content-wrapper\"><p>[vc_row full_width=\u00a0\u00bbstretch_row\u00a0\u00bb parallax=\u00a0\u00bbcontent-moving-fade\u00a0\u00bb parallax_image=\u00a0\u00bb348&Prime; el_class=\u00a0\u00bbsection-parallax\u00a0\u00bb][vc_column el_class=\u00a0\u00bbsection-inner-parallax\u00a0\u00bb]\r\n              <div class=\"modul--headline \"><h2 class=\"text-center\">Acheter des billets de spectateurs<\/h2><\/div>[vc_column_text css=\u00a0\u00bb\u00a0\u00bb]<\/p>\n<p style=\"text-align: center;\">Les amis, les clients et tous ceux qui aiment les fleurs pourront assister au BATTLE. Amenez vos fans et demandez-leur de vous encourager! M\u00eame pour les spectateurs et les spectatrices, cet \u00e9v\u00e9nement est incroyable. R\u00e9servez votre billet d\u00e8s aujourd\u2019hui!<br \/>\n<strong>(Entr\u00e9e gratuite: avec la greenCard\/yellowCard)<\/strong><\/p>\n<p style=\"text-align: center;\">Attention: l\u2019acc\u00e8s \u00e0 la surface de vente de la Blumenb\u00f6rse sera r\u00e9serv\u00e9 aux personnes autoris\u00e9es \u00e0 y faire des achats.<\/p>\n<p>[\/vc_column_text]\r\n            <div class=\"module-button text-center\">\r\n                <a href=\"https:\/\/eventfrog.ch\/de\/p\/kunst-ausstellungen\/weitere-kunstveranstaltungen\/flower-style-battle-7325740027996056307.html\" target=\"_blank\"  class=\"btn btn-primary\">Acheter des billets<\/a>\r\n            <\/div>\r\n            [\/vc_column][\/vc_row]<\/p>\n<\/div>[\/vc_column][\/vc_row]<\/p>\n<\/div>","protected":false},"excerpt":{"rendered":"Flower & Style BATTLE Soyez de la partie le 25 ao\u00fbt \u00e0 Rothrist pour la 6e \u00e9dition du showdown. Montrez ce que vous savez faire et battez-vous pour gagner CHF 8000.\u2013 de prix. Ou assistez en tant que spectateurs! Pour les spectateurs Pour les participants Flower & Style BATTLE Soyez de la partie le 25 [...]","protected":false},"author":1,"featured_media":0,"parent":0,"menu_order":0,"comment_status":"closed","ping_status":"closed","template":"","meta":{"_acf_changed":false,"footnotes":""},"class_list":["post-551","page","type-page","status-publish","hentry"],"acf":[],"_links":{"self":[{"href":"https:\/\/www.flowerandstylebattle.ch\/fr\/wp-json\/wp\/v2\/pages\/551","targetHints":{"allow":["GET"]}}],"collection":[{"href":"https:\/\/www.flowerandstylebattle.ch\/fr\/wp-json\/wp\/v2\/pages"}],"about":[{"href":"https:\/\/www.flowerandstylebattle.ch\/fr\/wp-json\/wp\/v2\/types\/page"}],"author":[{"embeddable":true,"href":"https:\/\/www.flowerandstylebattle.ch\/fr\/wp-json\/wp\/v2\/users\/1"}],"replies":[{"embeddable":true,"href":"https:\/\/www.flowerandstylebattle.ch\/fr\/wp-json\/wp\/v2\/comments?post=551"}],"version-history":[{"count":24,"href":"https:\/\/www.flowerandstylebattle.ch\/fr\/wp-json\/wp\/v2\/pages\/551\/revisions"}],"predecessor-version":[{"id":916,"href":"https:\/\/www.flowerandstylebattle.ch\/fr\/wp-json\/wp\/v2\/pages\/551\/revisions\/916"}],"wp:attachment":[{"href":"https:\/\/www.flowerandstylebattle.ch\/fr\/wp-json\/wp\/v2\/media?parent=551"}],"curies":[{"name":"wp","href":"https:\/\/api.w.org\/{rel}","templated":true}]}}