{"id":559,"date":"2025-04-23T14:25:21","date_gmt":"2025-04-23T12:25:21","guid":{"rendered":"https:\/\/www.flowerandstylebattle.ch\/besucher\/"},"modified":"2025-09-09T13:57:55","modified_gmt":"2025-09-09T11:57:55","slug":"spectateurs","status":"publish","type":"page","link":"https:\/\/www.flowerandstylebattle.ch\/fr\/spectateurs\/","title":{"rendered":"Spectateurs"},"content":{"rendered":"<div class=\"wpb-content-wrapper\"><p>[vc_row css=\u00a0\u00bb.vc_custom_1748419672914{margin-bottom: 80px !important;}\u00a0\u00bb el_id=\u00a0\u00bbinfos\u00a0\u00bb][vc_column width=\u00a0\u00bb1\/2&Prime; el_class=\u00a0\u00bbmb-5 mb-md-0&Prime;]\r\n              <div class=\"modul--headline \"><h2 class=\"text-start\">Assiste aux BATTLES<\/h2><\/div>[vc_column_text css=\u00a0\u00bb\u00a0\u00bb]Viens pour soutenir ton \u00e9quipe ou tout simplement pour t\u2019\u00e9merveiller. Battles cr\u00e9atives, street food, ambiance musicale assur\u00e9e par un DJ, et les voix des spectateurs qui compteront lors des votes du public.<\/p>\n<p>La 6<sup>e<\/sup>\u00a0\u00e9dition sera pr\u00e9sent\u00e9e par la charmante et dynamique Maja Frauenfelder.[\/vc_column_text]<div class=\"accordion accordion-modern-status accordion-modern-status-borders accordion-modern-status-arrow\" id=\"accordionflowerbattle0a0e6e5dade29e3f\">\n                <div class=\"card card-default\">\n                    <div class=\"card-header\" id=\"collapse200Heading00a0e6e5dade29e3f\">\n                        <h4 class=\"card-title m-0\">\n                            <a class=\"accordion-toggle text-color-dark font-weight-bold collapsed\" data-bs-toggle=\"collapse\" data-bs-target=\"#collapse00a0e6e5dade29e3f\" aria-expanded=\"false\" aria-controls=\"collapse00a0e6e5dade29e3f\">\n                            \u00bbArt\n                            <\/a>\n                        <\/h4>\n                    <\/div>\n                    <div id=\"collapse00a0e6e5dade29e3f\" class=\"collapse\" aria-labelledby=\"collapse200Heading00a0e6e5dade29e3f\" data-bs-parent=\"#accordionflowerbattle0a0e6e5dade29e3f\">\n                        <div class=\"card-body pt-0\"><div class=\"mb-0 accordioncontent \">Les comp\u00e9titions sont autant de moments exceptionnels. Quand les \u00e9quipes s\u2019affrontent, on ressent leur \u00e9nergie cr\u00e9ative et tout le charme de notre m\u00e9tier. Sans pr\u00e9paration et sans \u00abfilet de s\u00e9curit\u00e9\u00bb, de v\u00e9ritables \u0153uvres d\u2019art naissent sous la pression du temps. C\u2019est l\u00e0 que la magie op\u00e8re.<\/p>\n<p>D\u00e9couvre comment quelques branches, des fleurs et un peu de fil de fer se transforment en cr\u00e9ations florales hors du commun. Les participants manient leurs outils pour aller au bout de leur cr\u00e9ativit\u00e9. Ce spectacle n\u2019est pas un atelier. C\u2019est des \u00e9motions, du talent, de la passion \u00e0 exp\u00e9rimenter et \u00e0 admirer inconditionnellement.<\/div>\n                        <\/div>\n                    <\/div>\n                <\/div>\n                <div class=\"card card-default\">\n                    <div class=\"card-header\" id=\"collapse200Heading10a0e6e5dade29e3f\">\n                        <h4 class=\"card-title m-0\">\n                            <a class=\"accordion-toggle text-color-dark font-weight-bold collapsed\" data-bs-toggle=\"collapse\" data-bs-target=\"#collapse10a0e6e5dade29e3f\" aria-expanded=\"false\" aria-controls=\"collapse10a0e6e5dade29e3f\">\n                            \u00bbStreet\n                            <\/a>\n                        <\/h4>\n                    <\/div>\n                    <div id=\"collapse10a0e6e5dade29e3f\" class=\"collapse\" aria-labelledby=\"collapse200Heading10a0e6e5dade29e3f\" data-bs-parent=\"#accordionflowerbattle0a0e6e5dade29e3f\">\n                        <div class=\"card-body pt-0\"><div class=\"mb-0 accordioncontent \">Assister aux BATTLES, \u00e7a donne faim et soif. L\u2019\u00e9v\u00e9nement sera compl\u00e9t\u00e9 par une offre culinaire. Un food truck proposera des aliments frais et il y aura aussi un stand de glaces. Sans oublier la possibilit\u00e9 de commander des boissons \u00e0 des prix sympas. Une occasion id\u00e9ale pour se r\u00e9galer et pour trinquer.<\/div>\n                        <\/div>\n                    <\/div>\n                <\/div>\n                <div class=\"card card-default\">\n                    <div class=\"card-header\" id=\"collapse200Heading20a0e6e5dade29e3f\">\n                        <h4 class=\"card-title m-0\">\n                            <a class=\"accordion-toggle text-color-dark font-weight-bold collapsed\" data-bs-toggle=\"collapse\" data-bs-target=\"#collapse20a0e6e5dade29e3f\" aria-expanded=\"false\" aria-controls=\"collapse20a0e6e5dade29e3f\">\n                            \u00bbVote\n                            <\/a>\n                        <\/h4>\n                    <\/div>\n                    <div id=\"collapse20a0e6e5dade29e3f\" class=\"collapse\" aria-labelledby=\"collapse200Heading20a0e6e5dade29e3f\" data-bs-parent=\"#accordionflowerbattle0a0e6e5dade29e3f\">\n                        <div class=\"card-body pt-0\"><div class=\"mb-0 accordioncontent \">En plus d\u2019encourager ton \u00e9quipe, tu pourras aussi voter pour elle. Lors des demi-finales, tu auras ton mot \u00e0 dire. Tu donneras une seconde chance \u00e0 une \u00e9quipe \u00e9limin\u00e9e en votant par WhatsApp. Fais revenir ton \u00e9quipe pr\u00e9f\u00e9r\u00e9e dans la course!<\/div>\n                        <\/div>\n                    <\/div>\n                <\/div>\n                <div class=\"card card-default\">\n                    <div class=\"card-header\" id=\"collapse200Heading30a0e6e5dade29e3f\">\n                        <h4 class=\"card-title m-0\">\n                            <a class=\"accordion-toggle text-color-dark font-weight-bold collapsed\" data-bs-toggle=\"collapse\" data-bs-target=\"#collapse30a0e6e5dade29e3f\" aria-expanded=\"false\" aria-controls=\"collapse30a0e6e5dade29e3f\">\n                            \u00bbAmbiance\n                            <\/a>\n                        <\/h4>\n                    <\/div>\n                    <div id=\"collapse30a0e6e5dade29e3f\" class=\"collapse\" aria-labelledby=\"collapse200Heading30a0e6e5dade29e3f\" data-bs-parent=\"#accordionflowerbattle0a0e6e5dade29e3f\">\n                        <div class=\"card-body pt-0\"><div class=\"mb-0 accordioncontent \">Pas de Battles sans beats. DJ\u00a0Seventy9 sera l\u00e0 toute la journ\u00e9e pour cr\u00e9er une ambiance musicale entra\u00eenante.<\/p>\n<p>Quant \u00e0 Maja Frauenfelder (Agrotropic), elle animera l\u2019\u00e9v\u00e9nement avec charme et \u00e9nergie. Et elle veillera \u00e0 ce que les temps impartis soient respect\u00e9s.<\/div>\n                        <\/div>\n                    <\/div>\n                <\/div>\n                <div class=\"card card-default\">\n                    <div class=\"card-header\" id=\"collapse200Heading40a0e6e5dade29e3f\">\n                        <h4 class=\"card-title m-0\">\n                            <a class=\"accordion-toggle text-color-dark font-weight-bold collapsed\" data-bs-toggle=\"collapse\" data-bs-target=\"#collapse40a0e6e5dade29e3f\" aria-expanded=\"false\" aria-controls=\"collapse40a0e6e5dade29e3f\">\n                            \u00bbOuverture\n                            <\/a>\n                        <\/h4>\n                    <\/div>\n                    <div id=\"collapse40a0e6e5dade29e3f\" class=\"collapse\" aria-labelledby=\"collapse200Heading40a0e6e5dade29e3f\" data-bs-parent=\"#accordionflowerbattle0a0e6e5dade29e3f\">\n                        <div class=\"card-body pt-0\"><div class=\"mb-0 accordioncontent \">Lors des Flower\u00a0&amp;\u00a0Style BATTLES, la Blumenb\u00f6rse restera ouverte<strong> jusqu\u2019\u00e0 21h00 <\/strong>pour les clients poss\u00e9dant une carte d\u2019achat. Une occasion id\u00e9ale pour faire des achats dans une ambiance d\u00e9tendue.<\/p>\n<p>Attention: les ventes sont r\u00e9serv\u00e9es aux personnes disposant d\u2019une autorisation d\u2019achat. L\u2019\u00e9v\u00e9nement se d\u00e9roulera dans la Parkhalle adjacente. Il sera accessible \u00e0 toutes les personnes pr\u00e9sentant une entr\u00e9e gratuite (nos clients) ou un billet \u00e0 CHF\u00a020.\u2013 (autres spectateurs).<\/div>\n                        <\/div>\n                    <\/div>\n                <\/div><\/div>[\/vc_column][vc_column width=\u00a0\u00bb1\/2&Prime;][vc_single_image image=\u00a0\u00bb926&Prime; img_size=\u00a0\u00bbfull\u00a0\u00bb css=\u00a0\u00bb\u00a0\u00bb][\/vc_column][\/vc_row][vc_row full_width=\u00a0\u00bbstretch_row_content_no_spaces\u00a0\u00bb css=\u00a0\u00bb.vc_custom_1746714455455{margin-bottom: 80px !important;}\u00a0\u00bb el_id=\u00a0\u00bbbillets\u00a0\u00bb][vc_column]<div class=\"wpb-content-wrapper\"><p>[vc_row full_width=\u00a0\u00bbstretch_row\u00a0\u00bb parallax=\u00a0\u00bbcontent-moving-fade\u00a0\u00bb parallax_image=\u00a0\u00bb348&Prime; el_class=\u00a0\u00bbsection-parallax\u00a0\u00bb][vc_column el_class=\u00a0\u00bbsection-inner-parallax\u00a0\u00bb]\r\n              <div class=\"modul--headline \"><h2 class=\"text-center\">Acheter des billets de spectateurs<\/h2><\/div>[vc_column_text css=\u00a0\u00bb\u00a0\u00bb]<\/p>\n<p style=\"text-align: center;\">Les amis, les clients et tous ceux qui aiment les fleurs pourront assister au BATTLE. Amenez vos fans et demandez-leur de vous encourager! M\u00eame pour les spectateurs et les spectatrices, cet \u00e9v\u00e9nement est incroyable. R\u00e9servez votre billet d\u00e8s aujourd\u2019hui!<br \/>\n<strong>(Entr\u00e9e gratuite: avec la greenCard\/yellowCard)<\/strong><\/p>\n<p style=\"text-align: center;\">Attention: l\u2019acc\u00e8s \u00e0 la surface de vente de la Blumenb\u00f6rse sera r\u00e9serv\u00e9 aux personnes autoris\u00e9es \u00e0 y faire des achats.<\/p>\n<p>[\/vc_column_text]\r\n            <div class=\"module-button text-center\">\r\n                <a href=\"https:\/\/eventfrog.ch\/de\/p\/kunst-ausstellungen\/weitere-kunstveranstaltungen\/flower-style-battle-7325740027996056307.html\" target=\"_blank\"  class=\"btn btn-primary\">Acheter des billets<\/a>\r\n            <\/div>\r\n            [\/vc_column][\/vc_row]<\/p>\n<\/div>[\/vc_column][\/vc_row][vc_row css=\u00a0\u00bb.vc_custom_1748419681481{margin-bottom: 80px !important;}\u00a0\u00bb el_id=\u00a0\u00bbderoulement\u00a0\u00bb][vc_column width=\u00a0\u00bb1\/2&Prime;][vc_single_image image=\u00a0\u00bb929&Prime; img_size=\u00a0\u00bbfull\u00a0\u00bb css=\u00a0\u00bb\u00a0\u00bb][\/vc_column][vc_column width=\u00a0\u00bb1\/2&Prime;]\r\n              <div class=\"modul--headline \"><h2 class=\"text-start\">Comment \u00e7a marche<\/h2><\/div>[vc_column_text css=\u00a0\u00bb\u00a0\u00bb]Des \u00e9quipes compos\u00e9es de deux personnes s\u2019affrontent et r\u00e9solvent les t\u00e2ches qui leur sont confi\u00e9es pendant le temps imparti. Pas de pr\u00e9paration, pas de planification, mais beaucoup de cr\u00e9ativit\u00e9: voil\u00e0 la cl\u00e9 du succ\u00e8s. Par des combats de qualification, vous luttez d\u2019\u00e9tape en \u00e9tape jusqu\u2019\u00e0 la grande finale.<\/p>\n<p>L\u2019\u00e9quipe qui obtient le plus de points passe au niveau suivant. Les meilleures \u00e9quipes se disputent le prix total ainsi que le fameux Flower\u00a0&amp;\u00a0Style Award. Sans oublier le Rookie Award, powered by Fleurop Young.[\/vc_column_text]<div class=\"accordion accordion-modern-status accordion-modern-status-borders accordion-modern-status-arrow\" id=\"accordionflowerbattle8dc2bcf06582ae91\">\n                <div class=\"card card-default\">\n                    <div class=\"card-header\" id=\"collapse200Heading08dc2bcf06582ae91\">\n                        <h4 class=\"card-title m-0\">\n                            <a class=\"accordion-toggle text-color-dark font-weight-bold collapsed\" data-bs-toggle=\"collapse\" data-bs-target=\"#collapse08dc2bcf06582ae91\" aria-expanded=\"false\" aria-controls=\"collapse08dc2bcf06582ae91\">\n                            \u00bbD\u00e9roulement\n                            <\/a>\n                        <\/h4>\n                    <\/div>\n                    <div id=\"collapse08dc2bcf06582ae91\" class=\"collapse\" aria-labelledby=\"collapse200Heading08dc2bcf06582ae91\" data-bs-parent=\"#accordionflowerbattle8dc2bcf06582ae91\">\n                        <div class=\"card-body pt-0\"><div class=\"mb-0 accordioncontent \"><strong>BATTLES DE QUALIFICATION (d\u00e9but: env. 12h00)<\/strong><\/p>\n<p><strong>Rounds\u00a01\u00a0&amp;\u00a02: 15\u00a0minutes pour chaque battle<\/strong><\/p>\n<ul>\n<li>4 \u00e9quipes s\u2019affrontent en m\u00eame temps<\/li>\n<li>2 \u00e9quipes par battle passent au niveau suivant<\/li>\n<li>Apr\u00e8s chaque round, le jury r\u00e9cup\u00e8re 2\u00a0lucky loosers<\/li>\n<\/ul>\n<p>&nbsp;<\/p>\n<p><strong>BATTLES FINALES (d\u00e9but: 19h00)<\/strong><\/p>\n<p><strong>Demi-finales: 15\u00a0minutes pour chaque battle<\/strong><\/p>\n<ul>\n<li>4 \u00e9quipes s\u2019affrontent en m\u00eame temps<\/li>\n<li>1 \u00e9quipe par battle acc\u00e8de \u00e0 la finale<\/li>\n<li>\u00c9valuation par un jury d\u2019experts\u00a0&amp;\u00a0vote du public<\/li>\n<\/ul>\n<p><strong>Round final: 25\u00a0minutes de battle<\/strong><\/p>\n<ul>\n<li>Pendant les premi\u00e8res 10\u00a0minutes: acc\u00e8s au refroidisseur de fleurs coup\u00e9es pour le mat\u00e9riel suppl\u00e9mentaire<\/li>\n<li>4 \u00e9quipes se disputent la victoire<\/li>\n<li>\u00c9valuation par un jury de professionnels<\/li>\n<\/ul>\n<p><\/div>\n                        <\/div>\n                    <\/div>\n                <\/div>\n                <div class=\"card card-default\">\n                    <div class=\"card-header\" id=\"collapse200Heading18dc2bcf06582ae91\">\n                        <h4 class=\"card-title m-0\">\n                            <a class=\"accordion-toggle text-color-dark font-weight-bold collapsed\" data-bs-toggle=\"collapse\" data-bs-target=\"#collapse18dc2bcf06582ae91\" aria-expanded=\"false\" aria-controls=\"collapse18dc2bcf06582ae91\">\n                            \u00bb\u00c9valuation\n                            <\/a>\n                        <\/h4>\n                    <\/div>\n                    <div id=\"collapse18dc2bcf06582ae91\" class=\"collapse\" aria-labelledby=\"collapse200Heading18dc2bcf06582ae91\" data-bs-parent=\"#accordionflowerbattle8dc2bcf06582ae91\">\n                        <div class=\"card-body pt-0\"><div class=\"mb-0 accordioncontent \">Vos chefs-d\u2019\u0153uvre cr\u00e9atifs seront jug\u00e9s par notre jury d\u2019experts renomm\u00e9s: <strong>Chantal Widmer, Thomas Spiess et Jenny W\u00fcthrich<\/strong> examineront votre travail.<\/p>\n<p>Les cr\u00e9ations seront \u00e9valu\u00e9es selon les crit\u00e8res suivants: id\u00e9e\/cr\u00e9ativit\u00e9, effet de spectacle et collaboration au sein de l\u2019\u00e9quipe<\/p>\n<ul>\n<li>\u00c9valuation: par membre du jury avec des notes allant de 1 \u00e0 10<\/li>\n<li>En demi-finale, le vote du public compte aussi<\/li>\n<li>En cas d\u2019\u00e9galit\u00e9 de points: d\u00e9cision du jury<\/li>\n<\/ul>\n<p>Les travaux BATTLE seront cr\u00e9\u00e9s par <strong>Ramona Zemp<\/strong>.<\/div>\n                        <\/div>\n                    <\/div>\n                <\/div><\/div>[\/vc_column][\/vc_row][vc_row full_width=\u00a0\u00bbstretch_row\u00a0\u00bb custom_row_class=\u00a0\u00bbgreylight\u00a0\u00bb el_id=\u00a0\u00bbacces\u00a0\u00bb][vc_column width=\u00a0\u00bb1\/3&Prime; el_class=\u00a0\u00bbmb-5 mb-md-0&Prime;]\r\n              <div class=\"modul--headline \"><h2 class=\"text-start\">Acc\u00e8s<\/h2><\/div>[vc_column_text css=\u00a0\u00bb\u00a0\u00bb]<strong>Acc\u00e8s en voiture:<br \/>\n<\/strong>La Blumenb\u00f6rse Schweiz, Standort Mittelland, se trouve pr\u00e8s de la sortie d\u2019autoroute de Rothrist. Un parking est \u00e0 disposition.<\/p>\n<p><strong>Acc\u00e8s en transports publics:<br \/>\n<\/strong>Depuis la gare de Rothrist, il faut compter 25\u00a0minutes \u00e0 pied ou 3\u00a0arr\u00eats de bus 603\/606 en direction de \u00abZofingen Bahnhof\u00bb. Descendez \u00e0 l\u2019arr\u00eat \u00abRothrist R\u00f6ssli\u00bb. Depuis \u00abRothrist R\u00f6ssli\u00bb, il faut encore marcher environ 600\u00a0m.[\/vc_column_text]\r\n\r\n                <div class=\"feature-box\">\r\n                    <div class=\"feature-box-icon\">\r\n                        <i class=\"fa-light fa-location-dot\"><\/i>\r\n                    <\/div>\r\n                    <div class=\"feature-box-info\">\r\n                        <h4>Flower &amp; Style BATTLE<\/h4>\r\n                        <div>Blumenb\u00f6rse Schweiz<br \/>\nStandort Mittelland<br \/>\nR\u00f6ssliweg 33<br \/>\nCH-4852 Rothrist<\/div>\r\n                    <\/div>\r\n                <\/div>\r\n                [vc_empty_space]\r\n\r\n                <div class=\"feature-box\">\r\n                    <div class=\"feature-box-icon\">\r\n                        <i class=\"fa-light fa-phone\"><\/i>\r\n                    <\/div>\r\n                    <div class=\"feature-box-info\">\r\n                        <h4>T\u00e9l\u00e9phone<\/h4>\r\n                        <div>+41 62 785 05 50<\/div>\r\n                    <\/div>\r\n                <\/div>\r\n                [vc_empty_space]\r\n\r\n                <div class=\"feature-box\">\r\n                    <div class=\"feature-box-icon\">\r\n                        <i class=\"fa-light fa-envelope\"><\/i>\r\n                    <\/div>\r\n                    <div class=\"feature-box-info\">\r\n                        <h4>Courriel<\/h4>\r\n                        <div><a href=\"mailto:info@flowerandstylebattle.ch\">info@flowerandstylebattle.ch<\/a><\/div>\r\n                    <\/div>\r\n                <\/div>\r\n                [\/vc_column][vc_column width=\u00a0\u00bb2\/3&Prime;]\r\n\r\n            <div id=\"vcgm-map\" style=\"height: 450px\" class=\"border-radius\"><\/div>\r\n            \r\n\r\n            <script>\r\n            let map;\r\n\r\n            function initMap() {\r\n                var options = {\r\n                zoom: 14,\r\n                center: {\r\n                    lat: 47.309051936927084,\r\n                    lng: 7.894918440884094\r\n                },\r\n                styles: [{\r\n                    stylers: [{\r\n                    saturation: -100\r\n                    }]\r\n                }]\r\n                }\r\n                var map = new google.maps.Map(document.getElementById('vcgm-map'), options);\r\n\r\n                var marker = new google.maps.Marker({\r\n                position: map.getCenter(),\r\n                icon: '\/wp-content\/themes\/flowerbattle\/assets\/img\/mapmarker.png',\r\n                map: map\r\n                });\r\n\r\n                const contentString =\r\n                '<div id=\"content\" style=\"padding:10px;\">' +\r\n                '<h4 style=\"font-size: 18px;margin-bottom:8px\">Flower & Style BATTLE<\/h4>' +\r\n                \"<p style='margin:0;line-height: 1.3;font-size:16px;'>Blumenb\u00f6rse Schweiz<br \/>Standort Mittelland<br \/>R\u00f6ssliweg 33<br \/>CH-4852 Rothrist<\/p>\" +\r\n                \"<\/div>\";\r\n\r\n\r\n                const infowindow = new google.maps.InfoWindow({\r\n                content: contentString,\r\n                });\r\n\r\n                marker.addListener(\"click\", () => {\r\n                infowindow.open({\r\n                    anchor: marker,\r\n                    map,\r\n                });\r\n                });\r\n\r\n            }\r\n\r\n            <\/script>\r\n\r\n            <script src=\"https:\/\/maps.googleapis.com\/maps\/api\/js?key=AIzaSyCG9uFKUchUhRDRJzwR73SUfwJkHexfoB0&callback=initMap\" async defer><\/script>\r\n\r\n            [\/vc_column][\/vc_row]<\/p>\n<\/div>","protected":false},"excerpt":{"rendered":"Assiste aux BATTLES Viens pour soutenir ton \u00e9quipe ou tout simplement pour t\u2019\u00e9merveiller. Battles cr\u00e9atives, street food, ambiance musicale assur\u00e9e par un DJ, et les voix des spectateurs qui compteront lors des votes du public. La 6e\u00a0\u00e9dition sera pr\u00e9sent\u00e9e par la charmante et dynamique Maja Frauenfelder. Art floral en live Les comp\u00e9titions sont autant de [...]","protected":false},"author":1,"featured_media":724,"parent":0,"menu_order":20,"comment_status":"closed","ping_status":"closed","template":"","meta":{"_acf_changed":false,"footnotes":""},"class_list":["post-559","page","type-page","status-publish","has-post-thumbnail","hentry"],"acf":[],"_links":{"self":[{"href":"https:\/\/www.flowerandstylebattle.ch\/fr\/wp-json\/wp\/v2\/pages\/559","targetHints":{"allow":["GET"]}}],"collection":[{"href":"https:\/\/www.flowerandstylebattle.ch\/fr\/wp-json\/wp\/v2\/pages"}],"about":[{"href":"https:\/\/www.flowerandstylebattle.ch\/fr\/wp-json\/wp\/v2\/types\/page"}],"author":[{"embeddable":true,"href":"https:\/\/www.flowerandstylebattle.ch\/fr\/wp-json\/wp\/v2\/users\/1"}],"replies":[{"embeddable":true,"href":"https:\/\/www.flowerandstylebattle.ch\/fr\/wp-json\/wp\/v2\/comments?post=559"}],"version-history":[{"count":11,"href":"https:\/\/www.flowerandstylebattle.ch\/fr\/wp-json\/wp\/v2\/pages\/559\/revisions"}],"predecessor-version":[{"id":931,"href":"https:\/\/www.flowerandstylebattle.ch\/fr\/wp-json\/wp\/v2\/pages\/559\/revisions\/931"}],"wp:featuredmedia":[{"embeddable":true,"href":"https:\/\/www.flowerandstylebattle.ch\/fr\/wp-json\/wp\/v2\/media\/724"}],"wp:attachment":[{"href":"https:\/\/www.flowerandstylebattle.ch\/fr\/wp-json\/wp\/v2\/media?parent=559"}],"curies":[{"name":"wp","href":"https:\/\/api.w.org\/{rel}","templated":true}]}}