{"id":563,"date":"2025-04-23T14:24:16","date_gmt":"2025-04-23T12:24:16","guid":{"rendered":"https:\/\/www.flowerandstylebattle.ch\/impressum\/"},"modified":"2025-05-13T17:40:22","modified_gmt":"2025-05-13T15:40:22","slug":"impressum","status":"publish","type":"page","link":"https:\/\/www.flowerandstylebattle.ch\/fr\/impressum\/","title":{"rendered":"Impressum"},"content":{"rendered":"<div class=\"wpb-content-wrapper\"><p>[vc_row][vc_column][vc_column_text css=\u00a0\u00bb\u00a0\u00bb]<strong>\u00c9diteur:<\/strong><\/p>\n<p>Blumenb\u00f6rse Schweiz Genossenschaft<br \/>\nStandort Mittelland<br \/>\nR\u00f6ssliweg 33<br \/>\n4852 Rothrist<\/p>\n<p>T\u00e9l. +41 62 785 05 05<br \/>\n<a href=\"mailto:mittelland@blumenboerse-schweiz.ch\">mittelland@blumenboerse-schweiz.ch<\/a>[\/vc_column_text][\/vc_column][\/vc_row][vc_row][vc_column][vc_empty_space][\/vc_column][\/vc_row]<\/p>\n<\/div>","protected":false},"excerpt":{"rendered":"<p>[vc_row][vc_column][vc_column_text css=\u00a0\u00bb\u00a0\u00bb]\u00c9diteur: Blumenb\u00f6rse Schweiz Genossenschaft Standort Mittelland R\u00f6ssliweg 33 4852 Rothrist T\u00e9l. +41 62 785 05 05 mittelland@blumenboerse-schweiz.ch[\/vc_column_text][\/vc_column][\/vc_row][vc_row][vc_column][vc_empty_space][\/vc_column][\/vc_row]<\/p>\n","protected":false},"author":1,"featured_media":537,"parent":0,"menu_order":999,"comment_status":"closed","ping_status":"closed","template":"","meta":{"_acf_changed":false,"footnotes":""},"class_list":["post-563","page","type-page","status-publish","has-post-thumbnail","hentry"],"acf":[],"_links":{"self":[{"href":"https:\/\/www.flowerandstylebattle.ch\/fr\/wp-json\/wp\/v2\/pages\/563","targetHints":{"allow":["GET"]}}],"collection":[{"href":"https:\/\/www.flowerandstylebattle.ch\/fr\/wp-json\/wp\/v2\/pages"}],"about":[{"href":"https:\/\/www.flowerandstylebattle.ch\/fr\/wp-json\/wp\/v2\/types\/page"}],"author":[{"embeddable":true,"href":"https:\/\/www.flowerandstylebattle.ch\/fr\/wp-json\/wp\/v2\/users\/1"}],"replies":[{"embeddable":true,"href":"https:\/\/www.flowerandstylebattle.ch\/fr\/wp-json\/wp\/v2\/comments?post=563"}],"version-history":[{"count":3,"href":"https:\/\/www.flowerandstylebattle.ch\/fr\/wp-json\/wp\/v2\/pages\/563\/revisions"}],"predecessor-version":[{"id":789,"href":"https:\/\/www.flowerandstylebattle.ch\/fr\/wp-json\/wp\/v2\/pages\/563\/revisions\/789"}],"wp:featuredmedia":[{"embeddable":true,"href":"https:\/\/www.flowerandstylebattle.ch\/fr\/wp-json\/wp\/v2\/media\/537"}],"wp:attachment":[{"href":"https:\/\/www.flowerandstylebattle.ch\/fr\/wp-json\/wp\/v2\/media?parent=563"}],"curies":[{"name":"wp","href":"https:\/\/api.w.org\/{rel}","templated":true}]}}